{"id":239,"date":"2020-11-16T17:35:55","date_gmt":"2020-11-16T16:35:55","guid":{"rendered":"https:\/\/together.dergoldbroiler.com\/?page_id=239"},"modified":"2025-01-21T11:08:02","modified_gmt":"2025-01-21T10:08:02","slug":"moeglichkeiten","status":"publish","type":"page","link":"https:\/\/together-virtuell.de\/fr\/together-2\/moeglichkeiten\/","title":{"rendered":"Possibilit\u00e9s"},"content":{"rendered":"<h2>together est ce que vous en faites!<\/h2>\n<p>together offre des occasions de rencontrer des personnes passionnantes et de vivre ou d&#8217;agir ensemble avec de (nouveaux\/nouvelles) ami.e.s. C&#8217;est vous qui d\u00e9cidez comment se d\u00e9roule une soir\u00e9e \u00e0 together et quelles actions sont organis\u00e9es. Les id\u00e9es, les propositions et les coups de main sont toujours les bienvenu.e.s. L&#8217;\u00e9quipe vous soutient volontiers.<\/p>\n<p>Personne n&#8217;est oblig\u00e9 de participer, mais tout le monde peut le faire !<\/p>\n","protected":false},"excerpt":{"rendered":"<p>together est ce que vous en faites! together offre des occasions de rencontrer des personnes passionnantes et de vivre ou d&#8217;agir ensemble avec de (nouveaux\/nouvelles) ami.e.s. C&#8217;est vous qui d\u00e9cidez comment se d\u00e9roule une soir\u00e9e \u00e0 together et quelles actions sont organis\u00e9es. Les id\u00e9es, les propositions et les coups de main sont toujours les bienvenu.e.s. [&hellip;]<\/p>\n","protected":false},"author":8,"featured_media":459,"parent":7,"menu_order":0,"comment_status":"closed","ping_status":"closed","template":"page-moeglichkeiten.php","meta":{"_acf_changed":false,"footnotes":""},"class_list":["post-239","page","type-page","status-publish","has-post-thumbnail","hentry"],"acf":[],"_links":{"self":[{"href":"https:\/\/together-virtuell.de\/fr\/wp-json\/wp\/v2\/pages\/239","targetHints":{"allow":["GET"]}}],"collection":[{"href":"https:\/\/together-virtuell.de\/fr\/wp-json\/wp\/v2\/pages"}],"about":[{"href":"https:\/\/together-virtuell.de\/fr\/wp-json\/wp\/v2\/types\/page"}],"author":[{"embeddable":true,"href":"https:\/\/together-virtuell.de\/fr\/wp-json\/wp\/v2\/users\/8"}],"replies":[{"embeddable":true,"href":"https:\/\/together-virtuell.de\/fr\/wp-json\/wp\/v2\/comments?post=239"}],"version-history":[{"count":13,"href":"https:\/\/together-virtuell.de\/fr\/wp-json\/wp\/v2\/pages\/239\/revisions"}],"predecessor-version":[{"id":4080,"href":"https:\/\/together-virtuell.de\/fr\/wp-json\/wp\/v2\/pages\/239\/revisions\/4080"}],"up":[{"embeddable":true,"href":"https:\/\/together-virtuell.de\/fr\/wp-json\/wp\/v2\/pages\/7"}],"wp:featuredmedia":[{"embeddable":true,"href":"https:\/\/together-virtuell.de\/fr\/wp-json\/wp\/v2\/media\/459"}],"wp:attachment":[{"href":"https:\/\/together-virtuell.de\/fr\/wp-json\/wp\/v2\/media?parent=239"}],"curies":[{"name":"wp","href":"https:\/\/api.w.org\/{rel}","templated":true}]}}