{"id":143,"date":"2020-11-04T15:18:55","date_gmt":"2020-11-04T14:18:55","guid":{"rendered":"https:\/\/together.dergoldbroiler.com\/?page_id=143"},"modified":"2026-03-24T11:30:23","modified_gmt":"2026-03-24T10:30:23","slug":"der-verein","status":"publish","type":"page","link":"https:\/\/together-virtuell.de\/it\/together-2\/der-verein\/","title":{"rendered":"Associazione &#038; dirigenza"},"content":{"rendered":"<p style=\"text-align: center;\">L&#8217;organizzazione e responsabilit\u00e0 dei progetti giovanili di together spetta alla La SVLS e.V. Dal 1998, lesbiche, gay, bisessuali, trans* e persone con HIV\/AIDS di tutte le et\u00e0 e di culture diverse lavorano insieme per una maggiore visibilit\u00e0 e per l&#8217;accettazione di modi e forme di vita diversi. In particolare, attraverso la creazione di comunit\u00e0 perseguiamo l&#8217;obiettivo di sostenere e incoraggiare le persone a vivere con consapevolezza il proprio orientamento sessuale e\/o la propria identit\u00e0 di genere. Un&#8217;attenzione particolare \u00e8 rivolta a\u0259 giovani LGBT*I* con le loro sfide e alle persone LGBT*I* che affrontano situazioni di crisi o situazioni di vita difficili. Soprattutto nei settori del lavoro socio-educativo (non solo associativo), della consulenza psico-sociale e della prevenzione dell&#8217;HIV\/IST, siamo stat\u0259 in grado di formare e sviluppare le nostre competenze di base e il nostro lavoro \u00e8 stato in parte pioneristico.<\/p>\n<p style=\"text-align: center;\"><strong>Diversit\u00e0, solidariet\u00e0, curiosit\u00e0, creativit\u00e0 e umorismo sono i nostri punti di forza. <\/strong>In tutte le nostre offerte non ci affidiamo al minimo comune denominatore. Con una variet\u00e0 multicolore di forme, metodi, talenti e risorse subculturali, ci rivolgiamo alle persone e ai gruppi target pi\u00f9 diversi in modo concreto e sempre partigiano. Non tutto deve essere adatto a tutt\u0259, ma dovrebbe esserci qualcosa di giusto per tutt\u0259. Per noi \u00e8 fondamentale il collegamento tra le competenze professionali in campo pedagogico-sociale o di lavoro sociale e le competenze pratiche di tutti i giorni, nonch\u00e9 la partecipazione diretta dei rispettivi gruppi target. Per noi, pi\u00f9 che elaborare e avanzare richieste omogenee \u00e8 fondamentale garantire un dialogo aperto in cui tutt\u0259 siano ascoltat\u0259: questa \u00e8 la base per la comprensione reciproca e per il cambiamento.<\/p>\n<p style=\"text-align: center;\">Per il bene dei nostri gruppi target, per incoraggiare l&#8217;accettazione e la diversit\u00e0, partecipiamo consapevolmente alle discussioni socio-politiche, collaboriamo con altre organizzazioni, siamo coinvolt\u0259 in varie reti associative e \u2013 in quanto associazione riconosciuta nel campo del lavoro socio-educativo \u2013 siamo attiv\u0259 nella pianificazione dell&#8217;assistenza sociale di giovani a rischio. Quando \u00e8 possibile, per noi \u00e8 fondamentale coinvolgere i rispettivi gruppi target, rendendoli attivi e spianando loro la strada per la partecipazione.<\/p>\n<p style=\"text-align: center;\"><strong>Facciamo in modo di mantenere una vita associativa attiva. <\/strong>Anche se molti servizi ricevono finanziamenti pubblici e sono gestiti da professionist\u0259, i nostri membri sono un pilastro molto importante dell&#8217;associazione. Non solo contribuiscono finanziariamente, ma danno anche forma all&#8217;associazione e ai suoi servizi attraverso il volontariato e la partecipazione alle assemblee. In particolare, i membri del Consiglio di Amministrazione hanno una grande responsabilit\u00e0. Sono eletti da\u0259 soc\u0259 e consigliati e supportati dal Consiglio Onorario (composto da membri di lunga data del Consiglio di Amministrazione). Sono responsabili di tutto e sono pront\u0259 ad ascoltare idee, suggerimenti, critiche o persino lamentele. Per garantire la massima partecipazione e trasparenza, le riunioni del Consiglio di Amministrazione sono aperte a\u0259 soc\u0259. Le date sono disponibili nella sezione &#8220;<a href=\"https:\/\/together-virtuell.de\/it\/aktuelles\/news-dates\/\">News &#038; appuntamenti<\/a>&#8220;.<\/p>\n<p style=\"text-align: center;\"><strong>Chiunque pu\u00f2 partecipare e siamo felic\u0259 di dare il benvenuto a nuovi membri <\/strong><strong>entusiasti<\/strong><strong>!<\/strong><\/p>\n<p style=\"text-align: center;\">Ulteriori informazioni sono disponibili nell&#8217;area <a href=\"https:\/\/together-virtuell.de\/it\/service\/downloads\/\">download<\/a>:<\/p>\n<p style=\"text-align: center;\">Estratto dal registro delle associazioni, relazioni annuali e finanziarie del Consiglio di Amministrazione<\/p>\n<ul>\n<li style=\"text-align: center;\">statuto, dichiarazione di intenti, regolamento delle quote associative e domanda di adesione.<\/li>\n<li style=\"text-align: center;\">Estratto dal registro delle associazioni, relazioni annuali e finanziarie del Consiglio di Amministrazione<\/li>\n<\/ul>\n<h3><\/h3>\n<h3 style=\"text-align: center;\"><strong>Consiglio di Amministrazione della SVLS e.V.<\/strong><\/h3>\n<p style=\"text-align: center;\"><div class=\"container-fluid p-0\" id=\"block-menschen\" style=\"background-color: #fff;\">\n    <div class=\"row p-0\"><div class=\"col-lg-4\">\n          <img decoding=\"async\" src=\"https:\/\/together-virtuell.de\/wp-content\/uploads\/2021\/07\/2026_Shooting_Liss-scaled.jpg\" class=\"img-fluid\">\n          <div class=\"vorstand-content vcontent\" >\n          <p><strong>Zero A. Li\u00df<\/strong><br \/>\n<span style=\"font-size: 0.85em;\"><strong>Vorsitzende<\/strong><br \/>\n(im Vorstand seit 2017)<\/span><\/p>\n\n        <\/div>\n        <\/div><div class=\"col-lg-4\">\n          <img decoding=\"async\" src=\"https:\/\/together-virtuell.de\/wp-content\/uploads\/2021\/07\/2026_Shooting-Hopfinger-scaled.jpg\" class=\"img-fluid\">\n          <div class=\"vorstand-content vcontent\" >\n          <p><strong>Patrick Hopfinger<\/strong><br \/>\n<span style=\"font-size: 0.85em;\"><strong>Stellv. Vorsitzender<\/strong><br \/>\n(im Vorstand seit 2015)<\/span><\/p>\n\n        <\/div>\n        <\/div><div class=\"col-lg-4\">\n          <img decoding=\"async\" src=\"https:\/\/together-virtuell.de\/wp-content\/uploads\/2021\/07\/together_vorstand_schrodt.jpg\" class=\"img-fluid\">\n          <div class=\"vorstand-content vcontent\" >\n          <p><strong>Torsten Schrodt<\/strong><br \/>\n<span style=\"font-size:0.85em\"><strong>Gesch\u00e4ftsf\u00fchrung<\/strong><br \/>\n(im Vorstand seit 2011)<\/span><\/p>\n\n        <\/div>\n        <\/div><div class=\"col-lg-4\">\n          <img decoding=\"async\" src=\"https:\/\/together-virtuell.de\/wp-content\/uploads\/2021\/07\/2026_Shooting_Ziegel-scaled.jpg\" class=\"img-fluid\">\n          <div class=\"vorstand-content vcontent\" >\n          <p><strong>Tim Ziegel<\/strong><br \/>\n<strong>Fachvorstand Jugend<\/strong><br \/>\n(im Vorstand seit 2025)<\/p>\n\n        <\/div>\n        <\/div><div class=\"col-lg-4\">\n          <img decoding=\"async\" src=\"https:\/\/together-virtuell.de\/wp-content\/uploads\/2024\/03\/SVLS_Vorstand_Tischmeyer.jpg\" class=\"img-fluid\">\n          <div class=\"vorstand-content vcontent\" >\n          <p><strong>Niko Tischmeyer<\/strong><br \/>\n<span style=\"font-size: 0.85em;\"><strong>Fachvorstand Beratung &#038; Selbsthilfe<\/strong><br \/>\n(im Vorstand seit 2024)<\/span><\/p>\n\n        <\/div>\n        <\/div><div class=\"col-lg-4\">\n          <img decoding=\"async\" src=\"https:\/\/together-virtuell.de\/wp-content\/uploads\/2024\/03\/SVLS_Vorstand_Brauer.jpg\" class=\"img-fluid\">\n          <div class=\"vorstand-content vcontent\" >\n          <p><strong>Niklas Brauer<\/strong><br \/>\n<span style=\"font-size:0.85em\"><strong>Fachvorstand Beteiligung &#038; Ehrenamt<\/strong><br \/>\n(im Vorstand seit 2024)<\/span><\/p>\n\n        <\/div>\n        <\/div><\/div><div class=\"row p-0\"><div class=\"col-lg-12 text-center\"><a href=\"mailto:vorstand@svls.de\" class=\"btn_mailadress\">vorstand@svls.de<\/a><\/div><\/div><\/div><\/p>\n<h3><\/h3>\n<h3 style=\"text-align: center;\"><strong>Consiglio Onorario della SVLS e.V.<\/strong><\/h3>\n<p style=\"text-align: center;\"><div class=\"container-fluid p-0\" id=\"block-menschen\" style=\"background-color: #fff;\">\n    <div class=\"row p-0\"><div class=\"col-lg-4\">\n          <div class=\"vorstand-content vcontent\" >\n          <p><strong>Georg Triebels<\/strong><br \/>\n<span style=\"font-size:0.85em\"><strong>Ehrenrat &#8211; seit 2011<\/strong><br \/>\n(Vorstandsmitglied 2005 &#8211; 2011)<\/span><\/p>\n\n        <\/div>\n        <\/div><div class=\"col-lg-4\">\n          <img decoding=\"async\" src=\"https:\/\/together-virtuell.de\/wp-content\/uploads\/2021\/07\/together_ehrenrat_papen.jpg\" class=\"img-fluid\">\n          <div class=\"vorstand-content vcontent\" >\n          <p><strong>Roy Papen<\/strong><br \/>\n<span style=\"font-size:0.85em\"><strong>Ehrenrat &#8211; seit 2011<\/strong><br \/>\n(Vorstandsmitglied\u00a0 2005 &#8211; 2011)<\/span><\/p>\n\n        <\/div>\n        <\/div><div class=\"col-lg-4\">\n          <img decoding=\"async\" src=\"https:\/\/together-virtuell.de\/wp-content\/uploads\/2021\/06\/together_ehrenrat_jansen.jpg\" class=\"img-fluid\">\n          <div class=\"vorstand-content vcontent\" >\n          <p><strong>Dr. Christoph Jansen<\/strong><br \/>\n<span style=\"font-size: 0.85em;\"><strong>Ehrenrat &#8211; seit 2019<\/strong><br \/>\n(Vorstandsmitglied 2011 &#8211; 2019)<\/span><\/p>\n\n        <\/div>\n        <\/div><\/div><div class=\"row p-0\"><div class=\"col-lg-12 text-center\"><a href=\"mailto:ehrenrat@svls.de\" class=\"btn_mailadress\">ehrenrat@svls.de<\/a><\/div><\/div><\/div><\/p>\n<p>&nbsp;<\/p>\n<p style=\"text-align: center;\"><div class=\"container-fluid\"><h3>Siamo affiliat\u0259 alle seguenti organizzazioni ombrello:<\/h3><p><\/p><\/div><div class=\"container-fluid\"><div class=\"d-flex justify-content-center flex-wrap\"><a target=\"_blank\" class=\"flex-a-elm p-4 shadow shadow-sm\" href=\"\"><img decoding=\"async\" src=\"https:\/\/together-virtuell.de\/wp-content\/uploads\/2021\/07\/Logo_gerne_anders_RGB-scaled.jpg\" style=\"max-width:200px;height:auto\"><\/a><a target=\"_blank\" class=\"flex-a-elm p-4 shadow shadow-sm\" href=\"https:\/\/www.ahnrw.de\/\"><img decoding=\"async\" src=\"https:\/\/together-virtuell.de\/wp-content\/uploads\/2021\/07\/logo-ahnrw.jpg\" style=\"max-width:200px;height:auto\"><\/a><a target=\"_blank\" class=\"flex-a-elm p-4 shadow shadow-sm\" href=\"http:\/\/www.fels-essen.de\/\"><img decoding=\"async\" src=\"https:\/\/together-virtuell.de\/wp-content\/uploads\/2021\/07\/logo-FELS-e1627057146431.jpg\" style=\"max-width:200px;height:auto\"><\/a><a target=\"_blank\" class=\"flex-a-elm p-4 shadow shadow-sm\" href=\"http:\/\/www.agot-muelheim.de\/\"><img decoding=\"async\" src=\"https:\/\/together-virtuell.de\/wp-content\/uploads\/2021\/07\/logo-AGOT-mh.gif\" style=\"max-width:200px;height:auto\"><\/a><a target=\"_blank\" class=\"flex-a-elm p-4 shadow shadow-sm\" href=\"https:\/\/www.ruhr-csd.de\/\"><img decoding=\"async\" src=\"https:\/\/together-virtuell.de\/wp-content\/uploads\/2021\/07\/logo-ruhrPride-Essen-e1627056191937.jpg\" style=\"max-width:200px;height:auto\"><\/a><a target=\"_blank\" class=\"flex-a-elm p-4 shadow shadow-sm\" href=\"https:\/\/csdkrefeld.de\/\"><img decoding=\"async\" src=\"https:\/\/together-virtuell.de\/wp-content\/uploads\/2021\/07\/logo-CSD-Krefeld-1-e1627056274531.png\" style=\"max-width:200px;height:auto\"><\/a><a target=\"_blank\" class=\"flex-a-elm p-4 shadow shadow-sm\" href=\"https:\/\/nrw.lsvd.de\/\"><img decoding=\"async\" src=\"https:\/\/together-virtuell.de\/wp-content\/uploads\/2021\/07\/Logo-LSVDNRW-e1627054105652.jpg\" style=\"max-width:200px;height:auto\"><\/a><a target=\"_blank\" class=\"flex-a-elm p-4 shadow shadow-sm\" href=\"https:\/\/lagjungenarbeit.de\/\"><img decoding=\"async\" src=\"https:\/\/together-virtuell.de\/wp-content\/uploads\/2021\/07\/logo-lag-jungenarbeit-e1627054123861.jpg\" style=\"max-width:200px;height:auto\"><\/a><a target=\"_blank\" class=\"flex-a-elm p-4 shadow shadow-sm\" href=\"https:\/\/www.jugendring-gelsenkirchen.de\/\"><img decoding=\"async\" src=\"https:\/\/together-virtuell.de\/wp-content\/uploads\/2021\/07\/Logo-SJR-ge-e1627054135481.jpeg\" style=\"max-width:200px;height:auto\"><\/a><a target=\"_blank\" class=\"flex-a-elm p-4 shadow shadow-sm\" href=\"https:\/\/sjr-mh.de\/\"><img decoding=\"async\" src=\"https:\/\/together-virtuell.de\/wp-content\/uploads\/2021\/07\/Logo-e1627054156887.jpg\" style=\"max-width:200px;height:auto\"><\/a><a target=\"_blank\" class=\"flex-a-elm p-4 shadow shadow-sm\" href=\"https:\/\/aba-fachverband.info\/\"><img decoding=\"async\" src=\"https:\/\/together-virtuell.de\/wp-content\/uploads\/2021\/07\/LOGO_ABA-Fachverband-e1627054058510.jpg\" style=\"max-width:200px;height:auto\"><\/a><a target=\"_blank\" class=\"flex-a-elm p-4 shadow shadow-sm\" href=\"https:\/\/www.pjw-nrw.de\/\"><img decoding=\"async\" src=\"https:\/\/together-virtuell.de\/wp-content\/uploads\/2021\/07\/logo-pjw.png\" style=\"max-width:200px;height:auto\"><\/a><a target=\"_blank\" class=\"flex-a-elm p-4 shadow shadow-sm\" href=\"https:\/\/www.paritaet-nrw.org\/\"><img decoding=\"async\" src=\"https:\/\/together-virtuell.de\/wp-content\/uploads\/2021\/05\/Logo-DerParitaetische.jpg\" style=\"max-width:200px;height:auto\"><\/a><\/div><\/div><br><hr><br><\/p>\n","protected":false},"excerpt":{"rendered":"<p>L&#8217;organizzazione e responsabilit\u00e0 dei progetti giovanili di together spetta alla La SVLS e.V. Dal 1998, lesbiche, gay, bisessuali, trans* e persone con HIV\/AIDS di tutte le et\u00e0 e di culture diverse lavorano insieme per una maggiore visibilit\u00e0 e per l&#8217;accettazione di modi e forme di vita diversi. In particolare, attraverso la creazione di comunit\u00e0 perseguiamo [&hellip;]<\/p>\n","protected":false},"author":8,"featured_media":4844,"parent":7,"menu_order":0,"comment_status":"closed","ping_status":"closed","template":"","meta":{"_acf_changed":false,"footnotes":""},"class_list":["post-143","page","type-page","status-publish","has-post-thumbnail","hentry"],"acf":[],"_links":{"self":[{"href":"https:\/\/together-virtuell.de\/it\/wp-json\/wp\/v2\/pages\/143","targetHints":{"allow":["GET"]}}],"collection":[{"href":"https:\/\/together-virtuell.de\/it\/wp-json\/wp\/v2\/pages"}],"about":[{"href":"https:\/\/together-virtuell.de\/it\/wp-json\/wp\/v2\/types\/page"}],"author":[{"embeddable":true,"href":"https:\/\/together-virtuell.de\/it\/wp-json\/wp\/v2\/users\/8"}],"replies":[{"embeddable":true,"href":"https:\/\/together-virtuell.de\/it\/wp-json\/wp\/v2\/comments?post=143"}],"version-history":[{"count":11,"href":"https:\/\/together-virtuell.de\/it\/wp-json\/wp\/v2\/pages\/143\/revisions"}],"predecessor-version":[{"id":4085,"href":"https:\/\/together-virtuell.de\/it\/wp-json\/wp\/v2\/pages\/143\/revisions\/4085"}],"up":[{"embeddable":true,"href":"https:\/\/together-virtuell.de\/it\/wp-json\/wp\/v2\/pages\/7"}],"wp:featuredmedia":[{"embeddable":true,"href":"https:\/\/together-virtuell.de\/it\/wp-json\/wp\/v2\/media\/4844"}],"wp:attachment":[{"href":"https:\/\/together-virtuell.de\/it\/wp-json\/wp\/v2\/media?parent=143"}],"curies":[{"name":"wp","href":"https:\/\/api.w.org\/{rel}","templated":true}]}}