{"id":395,"date":"2020-12-15T15:39:39","date_gmt":"2020-12-15T14:39:39","guid":{"rendered":"https:\/\/together.dergoldbroiler.com\/?page_id=395"},"modified":"2025-01-15T18:17:50","modified_gmt":"2025-01-15T17:17:50","slug":"eltern-angehoerige","status":"publish","type":"page","link":"https:\/\/together-virtuell.de\/it\/beratung\/eltern-angehoerige\/","title":{"rendered":"Genitori &#038; familiari"},"content":{"rendered":"<h3>A vostro figlio piacciono (anche) i ragazzi, a vostra figlia (anche) le ragazze? Vostro figlio o vostra figlia desidera essere chiamato con un altro nome?<\/h3>\n<p>Non importa che ne abbiano gi\u00e0 un sentore o che non ne abbiano alcuna idea, all&#8217;inizio il coming out \u00e8 uno shock per quasi tutti i genitori. Poi arrivano le preoccupazioni: sar\u00e0 felice? Si protegger\u00e0 dalle malattie? E la discriminazione? E io che non vedevo l&#8217;ora di avere dei nipotini&#8230;<\/p>\n<p>Forse avete avuto solo un presentimento oppure l&#8217;avete scoperto &#8220;in qualche modo&#8221; senza che ve lo dicesse vostr\u0259 figli\u0259&#8230;e ora non sapete cosa fare?<\/p>\n<p>Non siete soli con tutte queste preoccupazioni. Che siano omosessuali, bi- o pansessuali, trans* o inter*, tutt\u0259 quest\u0259 giovani hanno dei genitori, e quasi tutti i genitori si sono posti queste e altre domande simili. Quasi tutti hanno sperimentato come cambia il rapporto con \u0259 propr\u0259 figli\u0259.<\/p>\n<p>Il personale del centro di consulenza Lebenslust ha gi\u00e0 aiutato molti genitori a rendere stabile, aperta e fiduciosa la relazione con \u0259 propr\u0259 figli\u0259. Siamo qui per ascoltarvi, consigliarvi e mettervi in contatto con altri genitori o con il nostro gruppo di genitori.<\/p>\n","protected":false},"excerpt":{"rendered":"<p>A vostro figlio piacciono (anche) i ragazzi, a vostra figlia (anche) le ragazze? Vostro figlio o vostra figlia desidera essere chiamato con un altro nome? Non importa che ne abbiano gi\u00e0 un sentore o che non ne abbiano alcuna idea, all&#8217;inizio il coming out \u00e8 uno shock per quasi tutti i genitori. Poi arrivano le [&hellip;]<\/p>\n","protected":false},"author":8,"featured_media":0,"parent":121,"menu_order":0,"comment_status":"closed","ping_status":"closed","template":"page-beratung.php","meta":{"_acf_changed":false,"footnotes":""},"class_list":["post-395","page","type-page","status-publish","hentry"],"acf":[],"_links":{"self":[{"href":"https:\/\/together-virtuell.de\/it\/wp-json\/wp\/v2\/pages\/395","targetHints":{"allow":["GET"]}}],"collection":[{"href":"https:\/\/together-virtuell.de\/it\/wp-json\/wp\/v2\/pages"}],"about":[{"href":"https:\/\/together-virtuell.de\/it\/wp-json\/wp\/v2\/types\/page"}],"author":[{"embeddable":true,"href":"https:\/\/together-virtuell.de\/it\/wp-json\/wp\/v2\/users\/8"}],"replies":[{"embeddable":true,"href":"https:\/\/together-virtuell.de\/it\/wp-json\/wp\/v2\/comments?post=395"}],"version-history":[{"count":11,"href":"https:\/\/together-virtuell.de\/it\/wp-json\/wp\/v2\/pages\/395\/revisions"}],"predecessor-version":[{"id":4068,"href":"https:\/\/together-virtuell.de\/it\/wp-json\/wp\/v2\/pages\/395\/revisions\/4068"}],"up":[{"embeddable":true,"href":"https:\/\/together-virtuell.de\/it\/wp-json\/wp\/v2\/pages\/121"}],"wp:attachment":[{"href":"https:\/\/together-virtuell.de\/it\/wp-json\/wp\/v2\/media?parent=395"}],"curies":[{"name":"wp","href":"https:\/\/api.w.org\/{rel}","templated":true}]}}