{"id":397,"date":"2020-12-15T15:41:44","date_gmt":"2020-12-15T14:41:44","guid":{"rendered":"https:\/\/together.dergoldbroiler.com\/?page_id=397"},"modified":"2026-03-24T11:52:48","modified_gmt":"2026-03-24T10:52:48","slug":"fachkraefte-schulen","status":"publish","type":"page","link":"https:\/\/together-virtuell.de\/it\/beratung\/fachkraefte-schulen\/","title":{"rendered":"Professionist\u0259 &#038; scuole"},"content":{"rendered":"<p><span style=\"text-decoration: line-through;\">: <\/span>Nonostante gli sviluppi positivi degli ultimi anni, i pregiudizi sessuali (omo e trans*fobia \/ eteronormativit\u00e0) sono ancora presenti; soprattutto tra le persone giovani, che a loro volta devono lottare per un&#8217;identit\u00e0 stabile o per il riconoscimento da parte de\u0259 loro coetane\u0259. La popolazione giovane lesbica, gay, bi-, trans*- e intersessuale* lo sperimenta ogni giorno: &#8220;gay&#8221; \u00e8 ancora la parolaccia pi\u00f9 popolare tra le persone giovani, \u0259 giovani trans* non sono pres\u0259 sul serio nella loro autodefinizione e \u0259 giovani lesbiche sono massicciamente colpit\u0259 da insulti sessisti. E non sempre questa ostilit\u00e0 resta solo verbale.<\/p>\n<p>Per la maggior parte de\u0259 giovani LGBTIN* \u00e8 la solitudine a essere particolarmente logorante. Per paura di essere scopert\u0259 o discriminat\u0259 molt\u0259 preferiscono lasciare il gruppo di amici oppure vengono ostracizzat\u0259 dopo aver fatto coming out. All&#8217;inizio, pochissim\u0259 hanno contatti con altr\u0259 giovani LGBTIN* con cui potersi confrontare.<\/p>\n<p>\u00c8 qui che progetti per giovani LGBTIN* come together possono essere d&#8217;aiuto. In quanto punti di riferimento per i giovani, siete voi a poterl\u0259 aiutare a conoscere le nostre offerte e a trovare nuovi contatti. Saremo liet\u0259 di inviarvi poster e materiale informativo.<\/p>\n<p>C&#8217;\u00e8 bisogno di voi non solo perch\u00e9 i progetti per la popolazione giovane LGBTIN* non esistono ovunque e quindi non sono accessibili a tutt\u0259, ma anche perch\u00e9 \u0259 giovani LGBTIN* hanno bisogno di venir accettat\u0259, di avere dei punti di riferimento e di trovare sostegno ovunque nella loro vita quotidiana! In qualit\u00e0 di professionist\u0259 di centri d&#8217;assistenza giovanili, di centro per giovani, di scuole, centri diurni o di centri di consulenza, siete importanti punti di riferimento per bambin\u0259, per giovani e per le loro famiglie. Potete contribuire a ridurre i pregiudizi e a promuovere l&#8217;accettazione, anche senza dover attendere casi concreti o momenti di criticit\u00e0. In questo modo potete aiutare tutt\u0259 \u0259 giovani!<\/p>\n<p>Anche per persone specializzate le condizioni di vita e le sfide della popolazione giovane LGBTIN* rappresentano spesso un territorio inesplorato. Purtroppo l&#8217;argomento viene spesso affrontato per la prima volta direttamente in rapporto a una specifica situazione di crisi.<\/p>\n<p>Il servizio di consulenza del <a href=\"https:\/\/gerne-anders.de\/\">NRW &#8220;gerne anders!&#8221;<\/a> sostiene professionist\u0259, uffici di assistenza minorile e le organizzazioni indipendenti, fornendo consulenza specialistica, sensibilizzazione e formazione sui temi della diversit\u00e0 sessuale e di genere. Grazie ai finanziamenti del Land Nordrhein-Westfalen,\u00a0 il servizio \u00e8 gratuito.<\/p>\n<p>&nbsp;<\/p>\n<p><img loading=\"lazy\" decoding=\"async\" class=\"alignnone size-medium wp-image-1121\" style=\"cursor: pointer;\" src=\"https:\/\/together-virtuell.de\/wp-content\/uploads\/2021\/07\/gerne_anders_logo_final_rgb-scaled.jpg\" alt=\"\" width=\"300\" height=\"131\" srcset=\"https:\/\/together-virtuell.de\/wp-content\/uploads\/2021\/07\/gerne_anders_logo_final_rgb-scaled.jpg 2560w, https:\/\/together-virtuell.de\/wp-content\/uploads\/2021\/07\/gerne_anders_logo_final_rgb-300x131.jpg 300w, https:\/\/together-virtuell.de\/wp-content\/uploads\/2021\/07\/gerne_anders_logo_final_rgb-1024x446.jpg 1024w, https:\/\/together-virtuell.de\/wp-content\/uploads\/2021\/07\/gerne_anders_logo_final_rgb-768x334.jpg 768w, https:\/\/together-virtuell.de\/wp-content\/uploads\/2021\/07\/gerne_anders_logo_final_rgb-1536x669.jpg 1536w, https:\/\/together-virtuell.de\/wp-content\/uploads\/2021\/07\/gerne_anders_logo_final_rgb-2048x892.jpg 2048w, https:\/\/together-virtuell.de\/wp-content\/uploads\/2021\/07\/gerne_anders_logo_final_rgb-1320x575.jpg 1320w\" sizes=\"auto, (max-width: 300px) 100vw, 300px\" \/> \u00a0 \u00a0 \u00a0\u00a0 \u00a0 \u00a0 \u00a0 \u00a0 \u00a0 \u00a0\u00a0 <img loading=\"lazy\" decoding=\"async\" class=\"alignnone wp-image-3640\" src=\"https:\/\/together-virtuell.de\/wp-content\/uploads\/2024\/07\/together_education_Logo_CMYK-300x163.jpg\" alt=\"\" width=\"242\" height=\"131\" srcset=\"https:\/\/together-virtuell.de\/wp-content\/uploads\/2024\/07\/together_education_Logo_CMYK-300x163.jpg 300w, https:\/\/together-virtuell.de\/wp-content\/uploads\/2024\/07\/together_education_Logo_CMYK-1024x555.jpg 1024w, https:\/\/together-virtuell.de\/wp-content\/uploads\/2024\/07\/together_education_Logo_CMYK-768x416.jpg 768w, https:\/\/together-virtuell.de\/wp-content\/uploads\/2024\/07\/together_education_Logo_CMYK-1536x832.jpg 1536w, https:\/\/together-virtuell.de\/wp-content\/uploads\/2024\/07\/together_education_Logo_CMYK-2048x1110.jpg 2048w, https:\/\/together-virtuell.de\/wp-content\/uploads\/2024\/07\/together_education_Logo_CMYK-1320x715.jpg 1320w\" sizes=\"auto, (max-width: 242px) 100vw, 242px\" \/><\/p>\n<h2>Informazioni per le scuole<\/h2>\n<p>La scuola \u00e8 un luogo fondamentale e allo stesso tempo uno spazio vitale per tutt\u0259 \u0259 bambin\u0259 e \u0259 giovani. Qui si stringono e mantengono amicizie, si trascorre molto tempo insieme, in classe, nel cortile della scuola o durante le gite scolastiche. Ma per molt\u0259 giovani LGBTIN* la scuola non \u00e8 un luogo libero, in quanto subiscono esclusioni e discriminazioni o, per proteggersi, sono costretti a nascondere la loro identit\u00e0 sessuale o di genere, sprecando molte energie.<\/p>\n<p>Le questioni relative all&#8217;identit\u00e0 di genere e sessuale sono ancora affrontate in classe troppo di rado o la diversit\u00e0 sessuale \u00e8 data per scontata. Il personale scolastico spesso non sa come reagire all&#8217;ostilit\u00e0 nei confronti di alunn\u0259 etichettat\u0259 come lesbiche, gay, bisessuali, trans* o inter*.<\/p>\n<p>Lo staff volontario dello EDUCATION sostiene sia student\u0259 che insegnanti. Si tratta di giovani lesbiche, gay, bisessuali, trans* e\/o inter* e hanno le competenze per condurre laboratori educativi e di sensibilizzazione attraverso la formazione e il supporto pedagogico. Con l&#8217;aiuto di un ampio repertorio di metodi e di racconti autentici tratti dalle loro stesse biografie, danno un contributo importante per abbattere i pregiudizi e promuovere l&#8217;accettazione.<\/p>\n","protected":false},"excerpt":{"rendered":"<p>: Nonostante gli sviluppi positivi degli ultimi anni, i pregiudizi sessuali (omo e trans*fobia \/ eteronormativit\u00e0) sono ancora presenti; soprattutto tra le persone giovani, che a loro volta devono lottare per un&#8217;identit\u00e0 stabile o per il riconoscimento da parte de\u0259 loro coetane\u0259. La popolazione giovane lesbica, gay, bi-, trans*- e intersessuale* lo sperimenta ogni giorno: [&hellip;]<\/p>\n","protected":false},"author":8,"featured_media":0,"parent":121,"menu_order":0,"comment_status":"closed","ping_status":"closed","template":"page-beratung.php","meta":{"_acf_changed":false,"footnotes":""},"class_list":["post-397","page","type-page","status-publish","hentry"],"acf":[],"_links":{"self":[{"href":"https:\/\/together-virtuell.de\/it\/wp-json\/wp\/v2\/pages\/397","targetHints":{"allow":["GET"]}}],"collection":[{"href":"https:\/\/together-virtuell.de\/it\/wp-json\/wp\/v2\/pages"}],"about":[{"href":"https:\/\/together-virtuell.de\/it\/wp-json\/wp\/v2\/types\/page"}],"author":[{"embeddable":true,"href":"https:\/\/together-virtuell.de\/it\/wp-json\/wp\/v2\/users\/8"}],"replies":[{"embeddable":true,"href":"https:\/\/together-virtuell.de\/it\/wp-json\/wp\/v2\/comments?post=397"}],"version-history":[{"count":12,"href":"https:\/\/together-virtuell.de\/it\/wp-json\/wp\/v2\/pages\/397\/revisions"}],"predecessor-version":[{"id":4846,"href":"https:\/\/together-virtuell.de\/it\/wp-json\/wp\/v2\/pages\/397\/revisions\/4846"}],"up":[{"embeddable":true,"href":"https:\/\/together-virtuell.de\/it\/wp-json\/wp\/v2\/pages\/121"}],"wp:attachment":[{"href":"https:\/\/together-virtuell.de\/it\/wp-json\/wp\/v2\/media?parent=397"}],"curies":[{"name":"wp","href":"https:\/\/api.w.org\/{rel}","templated":true}]}}