{"id":503,"date":"2020-12-21T14:38:56","date_gmt":"2020-12-21T13:38:56","guid":{"rendered":"https:\/\/together.dergoldbroiler.com\/?page_id=503"},"modified":"2025-01-21T12:03:22","modified_gmt":"2025-01-21T11:03:22","slug":"unterstuetzerinnen","status":"publish","type":"page","link":"https:\/\/together-virtuell.de\/it\/together-2\/unterstuetzerinnen\/","title":{"rendered":"Chi ci sostiene"},"content":{"rendered":"<p>All&#8217;inizio erano in poch\u0259, ma il numero di sostenitor\u0259 sta crescendo. In questo modo \u00e8 stato possibile ed \u00e8 ancora possibile offrire un numero sempre maggiore di servizi.<\/p>\n<p>Un grande ringraziamento va a tutt\u0259 \u0259 sostenitor\u0259, in particolare a tutt\u0259 \u0259 aiutanti, volontar\u0259, soc\u0259 e donator\u0259 privat\u0259!<\/p>\n<p>&nbsp;<\/p>\n<div class=\"container-fluid\"><h3>Sostenitor\u0259 della SVLS e.V.<\/h3><p> <\/p><\/div><div class=\"container-fluid\"><div class=\"d-flex justify-content-center flex-wrap\"><a target=\"_blank\" class=\"flex-a-elm p-4 shadow shadow-sm\" href=\"https:\/\/come-out.eu\/\"><img decoding=\"async\" src=\"https:\/\/together-virtuell.de\/wp-content\/uploads\/2023\/01\/Logo_Come_Out_Stiftung_CMYK.jpg\" style=\"max-width:200px;height:auto\"><\/a><a target=\"_blank\" class=\"flex-a-elm p-4 shadow shadow-sm\" href=\"https:\/\/broststiftung.ruhr\/\"><img decoding=\"async\" src=\"https:\/\/together-virtuell.de\/wp-content\/uploads\/2023\/01\/BROST_Stiftung_LOGO.jpg\" style=\"max-width:200px;height:auto\"><\/a><a target=\"_blank\" class=\"flex-a-elm p-4 shadow shadow-sm\" href=\"https:\/\/www.aktion-mensch.de\/\"><img decoding=\"async\" src=\"https:\/\/together-virtuell.de\/wp-content\/uploads\/2023\/01\/aktion-mensch.png\" style=\"max-width:200px;height:auto\"><\/a><a target=\"_blank\" class=\"flex-a-elm p-4 shadow shadow-sm\" href=\"http:\/\/www.pjw-nrw.de\"><img decoding=\"async\" src=\"https:\/\/together-virtuell.de\/wp-content\/uploads\/2021\/07\/logo-pjw.png\" style=\"max-width:200px;height:auto\"><\/a><a target=\"_blank\" class=\"flex-a-elm p-4 shadow shadow-sm\" href=\"https:\/\/www.kreis-kleve.de\/\"><img decoding=\"async\" src=\"https:\/\/together-virtuell.de\/wp-content\/uploads\/2021\/07\/logo_kreis-kleve-1-e1627055543107.png\" style=\"max-width:200px;height:auto\"><\/a><a target=\"_blank\" class=\"flex-a-elm p-4 shadow shadow-sm\" href=\"http:\/\/www.hms-stiftung.de\"><img decoding=\"async\" src=\"https:\/\/together-virtuell.de\/wp-content\/uploads\/2021\/07\/logo_hms-e1627055030183.png\" style=\"max-width:200px;height:auto\"><\/a><a target=\"_blank\" class=\"flex-a-elm p-4 shadow shadow-sm\" href=\"http:\/\/www.coming-out-day.de\/\"><img decoding=\"async\" src=\"https:\/\/together-virtuell.de\/wp-content\/uploads\/2021\/06\/logo_cod-300x143-1-e1627054983949.png\" style=\"max-width:200px;height:auto\"><\/a><a target=\"_blank\" class=\"flex-a-elm p-4 shadow shadow-sm\" href=\"https:\/\/www.mkjfgfi.nrw\/ministerium-fuer-kinder-familie-fluechtlinge-und-integration\"><img decoding=\"async\" src=\"https:\/\/together-virtuell.de\/wp-content\/uploads\/2023\/01\/ministerium-nrw_kinder_jugend_familie_gleichstellung_flucht_und_integration.png\" style=\"max-width:200px;height:auto\"><\/a><a target=\"_blank\" class=\"flex-a-elm p-4 shadow shadow-sm\" href=\"https:\/\/www.krefeld.de\/\"><img decoding=\"async\" src=\"https:\/\/together-virtuell.de\/wp-content\/uploads\/2021\/06\/logo-stadt-krefeld-e1627055609131.jpeg\" style=\"max-width:200px;height:auto\"><\/a><a target=\"_blank\" class=\"flex-a-elm p-4 shadow shadow-sm\" href=\"https:\/\/www.essen.de\"><img decoding=\"async\" src=\"https:\/\/together-virtuell.de\/wp-content\/uploads\/2021\/06\/Logo-Marquette-Stadt-Essen-RGB-SCREEN-e1689346883828.jpg\" style=\"max-width:200px;height:auto\"><\/a><a target=\"_blank\" class=\"flex-a-elm p-4 shadow shadow-sm\" href=\"https:\/\/www.muelheim-ruhr.de\/cms\/index.php\"><img decoding=\"async\" src=\"https:\/\/together-virtuell.de\/wp-content\/uploads\/2021\/05\/logo_muelheim-e1627054952828.gif\" style=\"max-width:200px;height:auto\"><\/a><a target=\"_blank\" class=\"flex-a-elm p-4 shadow shadow-sm\" href=\"https:\/\/www.gelsenkirchen.de\/de\/default.aspx\"><img decoding=\"async\" src=\"https:\/\/together-virtuell.de\/wp-content\/uploads\/2021\/05\/logo_gelsenkirchen-e1627055635625.png\" style=\"max-width:200px;height:auto\"><\/a><\/div><\/div><br><hr><br>\n<div class=\"text-left\"><h3>In qualit\u00e0 di patrocinatore, l'attivit\u00e0 giovanile della SVLS e.V. \u00e8 sostenuta da:<\/h3><br><br><div class=\"container-fluid\"><div class=\"row\"><div class=\"col-md-4\"><img decoding=\"async\" src=\"https:\/\/together-virtuell.de\/wp-content\/uploads\/2021\/06\/Kai-Gehring-in-Berlin-273-Kopie-scaled-1.jpeg\" class=\"img-fluid\"><\/div><div class=\"col-md-8\"><b><p>KAI GEHRING, MdB<\/p>\n<\/b><br><p>Il deputato dell&#8217;Assia si batte per \u0259 (giovani) LGBTI* e sostiene come mecenate i progetti di together. Bundestag &#8211; Berlino &#8211; lontano &#8211; poco tempo&#8230;sono tutte cose che passano per la testa quando si pensa a un parlamentare del Bundestag tedesco; ma Kai Gehring sa dedicare il tempo necessario.<\/p>\n<\/div><\/div><div class=\"row\"><div class=\"col-md-12\"><div id=\"readon1\" class=\"readon\"><div id=\"readon1\" class=\"readon\">\n<p>Vuole sapere come stanno \u0259 giovani LGBTI* nella &#8220;sua&#8221; citt\u00e0, di cosa hanno bisogno e cosa l\u0259 muove &#8211; e non solo da studi e sondaggi. Preferisce chiedere a chi ne sa di pi\u00f9: la popolazione giovane LGBTI*. Lo sa per esperienza personale quanto \u00e8 importante.<\/p>\n<p>Di tanto in tanto viene a trovarci o ci invita a Berlino. In una conversazione a tu per tu non solo si fa un&#8217;idea della situazione, ma allo stesso tempo dimostra che anche i politici e le politiche sono persone normali e non sempre ne sanno pi\u00f9 di noi. Parla in modo aperto, onesto e autentico del suo coming out, di ci\u00f2 che \u00e8 cambiato negli ultimi anni, di ci\u00f2 che deve ancora cambiare, di come funziona la politica e di ci\u00f2 per cui si batter\u00e0 in futuro. Tuttavia, ha ancora bisogno di esercitarsi un po&#8217; a biliardino.<\/p>\n<\/div>\n<\/div><a href=\"#\" data-readon=\"readon1\" class=\"readonbtn\">Weiter lesen<\/a><br><br><\/div><\/div><div class=\"row\"><div class=\"col-md-4\"><img decoding=\"async\" src=\"https:\/\/together-virtuell.de\/wp-content\/uploads\/2021\/05\/voelker.jpg\" class=\"img-fluid\"><\/div><div class=\"col-md-8\"><b><p>KORDULA V\u00d6LKER<\/p>\n<\/b><br><p>Come mecenate, Kordula V\u00f6lker sostiene i progetti socio-educativi di together. Cabarettista, laureata in pedagogia sociale, vive nel quartiere di Wesel e sa bene di cosa parla: ha fatto coming out nel 1981, in un periodo in cui non c&#8217;erano lesbiche, gay, bisessuali o trans* in televisione.<\/p>\n<\/div><\/div><div class=\"row\"><div class=\"col-md-12\"><div id=\"readon2\" class=\"readon\"><p>Non ha avuto paura di perdere il lavoro al Katholisches Ferienwerk. &#8220;Il mio amore per la vita \u00e8 pi\u00f9 importante di qualsiasi lavoro&#8221;, diceva gi\u00e0 a quel tempo e da allora non ha mai abbandonato questa strada, ma \u00e8 lei a essere cambiata ancora e ancora. L&#8217;assistente sociale \u00e8 diventata giornalista radiofonica e la cantautrice \u00e8 diventata cabarettista professionista. Nel 1994 \u2013 quando ancora non c&#8217;erano lesbiche, gay, bisessuali e trans* in TV \u2013 ha portato in scena il suo primo programma di cabaret lesbico &#8220;Liebe, Lust und Leidenschaft&#8221; (Amore, lussuria e passione). In questo modo \u00e8 stata la prima cabarettista a fare coiming out in pubblico e si \u00e8 avventurata sui palcoscenici nazionali del cabaret.<\/p>\n<p>Da allora i tempi sono cambiati: lesbiche, gay, bisessuali e trans* sono ora in TV, ma Kordula&#8230;ancora no ;). E c&#8217;\u00e8 un motivo: Kordula V\u00f6lker \u00e8 ancora l&#8217;unica artista che porta sul palco del cabaret tematiche lesbiche e gay. Che si tratti del Christopher Street Day (CSD) o del LesbenFr\u00fchlingsTreffen (LFT), delle coppie di fatto o del desiderio di avere die figli, di Dragkinging o del movimento queer, Kordula non usa mezzi termini e, nei suoi programmi, commenta la vita omosessuale con molto umorismo e autoironia.<\/p>\n<p>Kordula \u00e8 accattivante, vera e onesta. La sua apertura \u00e8 disarmante e il suo umorismo imbattibile. \u00c8 piena di idee creative, non parla per enigmi e frasi vuote, ma in modo diretto. Dice quello che pensa, si fa valere per le sue stranezze e a volte mescola per tre lavaggi di fila bianchi e colorati. Ma ci\u00f2 che la rende davvero entusiasta \u2013 e questo dal profondo del cuore \u2013 \u00e8 la sua sfrenata curiosit\u00e0. Cosa pensano gli altri, cosa li spinge, come posso sostenerli? Fa domande, vuole sapere come se la passano \u0259 giovani donne oggi, come sta andando il loro coming out, di cosa hanno bisogno. Ed \u00e8 proprio questa la particolarit\u00e0 di Kordula V\u00f6lker: non d\u00e0 consigli, ascolta, \u00e8 l&#8217;amica della porta accanto, un&#8217;amica di cui fidarsi ciecamente. In ogni caso: una grande mecenate.<\/p>\n<\/div><a href=\"#\" data-readon=\"readon2\" class=\"readonbtn\">Weiter lesen<\/a><br><br><\/div><\/div><\/div><\/div><\/div><br><hr><br>\n","protected":false},"excerpt":{"rendered":"<p>All&#8217;inizio erano in poch\u0259, ma il numero di sostenitor\u0259 sta crescendo. In questo modo \u00e8 stato possibile ed \u00e8 ancora possibile offrire un numero sempre maggiore di servizi. Un grande ringraziamento va a tutt\u0259 \u0259 sostenitor\u0259, in particolare a tutt\u0259 \u0259 aiutanti, volontar\u0259, soc\u0259 e donator\u0259 privat\u0259! &nbsp;<\/p>\n","protected":false},"author":8,"featured_media":469,"parent":7,"menu_order":0,"comment_status":"closed","ping_status":"closed","template":"","meta":{"_acf_changed":false,"footnotes":""},"class_list":["post-503","page","type-page","status-publish","has-post-thumbnail","hentry"],"acf":[],"_links":{"self":[{"href":"https:\/\/together-virtuell.de\/it\/wp-json\/wp\/v2\/pages\/503","targetHints":{"allow":["GET"]}}],"collection":[{"href":"https:\/\/together-virtuell.de\/it\/wp-json\/wp\/v2\/pages"}],"about":[{"href":"https:\/\/together-virtuell.de\/it\/wp-json\/wp\/v2\/types\/page"}],"author":[{"embeddable":true,"href":"https:\/\/together-virtuell.de\/it\/wp-json\/wp\/v2\/users\/8"}],"replies":[{"embeddable":true,"href":"https:\/\/together-virtuell.de\/it\/wp-json\/wp\/v2\/comments?post=503"}],"version-history":[{"count":13,"href":"https:\/\/together-virtuell.de\/it\/wp-json\/wp\/v2\/pages\/503\/revisions"}],"predecessor-version":[{"id":4087,"href":"https:\/\/together-virtuell.de\/it\/wp-json\/wp\/v2\/pages\/503\/revisions\/4087"}],"up":[{"embeddable":true,"href":"https:\/\/together-virtuell.de\/it\/wp-json\/wp\/v2\/pages\/7"}],"wp:featuredmedia":[{"embeddable":true,"href":"https:\/\/together-virtuell.de\/it\/wp-json\/wp\/v2\/media\/469"}],"wp:attachment":[{"href":"https:\/\/together-virtuell.de\/it\/wp-json\/wp\/v2\/media?parent=503"}],"curies":[{"name":"wp","href":"https:\/\/api.w.org\/{rel}","templated":true}]}}