{"id":139,"date":"2020-11-04T15:18:31","date_gmt":"2020-11-04T14:18:31","guid":{"rendered":"https:\/\/together.dergoldbroiler.com\/?page_id=139"},"modified":"2025-01-21T11:22:28","modified_gmt":"2025-01-21T10:22:28","slug":"orte","status":"publish","type":"page","link":"https:\/\/together-virtuell.de\/tr\/together-2\/orte\/","title":{"rendered":"Yerler ve Bulu\u015fma Noktalar\u0131"},"content":{"rendered":"<p>Ruhr b\u00f6lgesi ve A\u015fa\u011f\u0131 Ren&#8217;deki ortak bulu\u015fma noktalar\u0131nda, b\u00f6lgenizden di\u011fer gen\u00e7 LGBT* I* ile rahat bir \u015fekilde tan\u0131\u015fabilirsiniz. Hemen u\u011fray\u0131n veya randevu al\u0131n! \u0130lk kez ideal: yeni gelenlerin g\u00fcnleri KOMPASS (a\u015fa\u011f\u0131ya bak\u0131n)<\/p>\n<p>G\u00fcncel a\u00e7\u0131l\u0131\u015f saatlerini G\u00fcncel Haberler alt\u0131nda, konuma, g\u00fcne veya gruba g\u00f6re s\u0131ralanm\u0131\u015f halde bulabilirsiniz. \u0130lk izlenimler ve ileti\u015fim bilgileri \u015f\u00f6yle:<\/p>\n","protected":false},"excerpt":{"rendered":"<p>Ruhr b\u00f6lgesi ve A\u015fa\u011f\u0131 Ren&#8217;deki ortak bulu\u015fma noktalar\u0131nda, b\u00f6lgenizden di\u011fer gen\u00e7 LGBT* I* ile rahat bir \u015fekilde tan\u0131\u015fabilirsiniz. Hemen u\u011fray\u0131n veya randevu al\u0131n! \u0130lk kez ideal: yeni gelenlerin g\u00fcnleri KOMPASS (a\u015fa\u011f\u0131ya bak\u0131n) G\u00fcncel a\u00e7\u0131l\u0131\u015f saatlerini G\u00fcncel Haberler alt\u0131nda, konuma, g\u00fcne veya gruba g\u00f6re s\u0131ralanm\u0131\u015f halde bulabilirsiniz. \u0130lk izlenimler ve ileti\u015fim bilgileri \u015f\u00f6yle:<\/p>\n","protected":false},"author":8,"featured_media":470,"parent":7,"menu_order":0,"comment_status":"closed","ping_status":"closed","template":"page-orte.php","meta":{"_acf_changed":false,"footnotes":""},"class_list":["post-139","page","type-page","status-publish","has-post-thumbnail","hentry"],"acf":[],"_links":{"self":[{"href":"https:\/\/together-virtuell.de\/tr\/wp-json\/wp\/v2\/pages\/139","targetHints":{"allow":["GET"]}}],"collection":[{"href":"https:\/\/together-virtuell.de\/tr\/wp-json\/wp\/v2\/pages"}],"about":[{"href":"https:\/\/together-virtuell.de\/tr\/wp-json\/wp\/v2\/types\/page"}],"author":[{"embeddable":true,"href":"https:\/\/together-virtuell.de\/tr\/wp-json\/wp\/v2\/users\/8"}],"replies":[{"embeddable":true,"href":"https:\/\/together-virtuell.de\/tr\/wp-json\/wp\/v2\/comments?post=139"}],"version-history":[{"count":11,"href":"https:\/\/together-virtuell.de\/tr\/wp-json\/wp\/v2\/pages\/139\/revisions"}],"predecessor-version":[{"id":4083,"href":"https:\/\/together-virtuell.de\/tr\/wp-json\/wp\/v2\/pages\/139\/revisions\/4083"}],"up":[{"embeddable":true,"href":"https:\/\/together-virtuell.de\/tr\/wp-json\/wp\/v2\/pages\/7"}],"wp:featuredmedia":[{"embeddable":true,"href":"https:\/\/together-virtuell.de\/tr\/wp-json\/wp\/v2\/media\/470"}],"wp:attachment":[{"href":"https:\/\/together-virtuell.de\/tr\/wp-json\/wp\/v2\/media?parent=139"}],"curies":[{"name":"wp","href":"https:\/\/api.w.org\/{rel}","templated":true}]}}