{"id":225,"date":"2020-11-16T15:29:20","date_gmt":"2020-11-16T14:29:20","guid":{"rendered":"https:\/\/together.dergoldbroiler.com\/?page_id=225"},"modified":"2026-04-08T17:03:31","modified_gmt":"2026-04-08T15:03:31","slug":"fotos-videos","status":"publish","type":"page","link":"https:\/\/together-virtuell.de\/tr\/aktuelles\/fotos-videos\/","title":{"rendered":"Foto\u011fraflar ve Videolar"},"content":{"rendered":"<p>Burda LGBTIN* gen\u00e7lik \u00e7al\u0131\u015fmalar\u0131ndan projelerimizde olu\u015fturulan baz\u0131 together faaliyetlern foto\u011fraflar\u0131 ve videolar\u0131.<\/p>\n","protected":false},"excerpt":{"rendered":"<p>Burda LGBTIN* gen\u00e7lik \u00e7al\u0131\u015fmalar\u0131ndan projelerimizde olu\u015fturulan baz\u0131 together faaliyetlern foto\u011fraflar\u0131 ve videolar\u0131.<\/p>\n","protected":false},"author":8,"featured_media":0,"parent":221,"menu_order":0,"comment_status":"closed","ping_status":"closed","template":"page-galleries.php","meta":{"_acf_changed":false,"footnotes":""},"class_list":["post-225","page","type-page","status-publish","hentry"],"acf":[],"_links":{"self":[{"href":"https:\/\/together-virtuell.de\/tr\/wp-json\/wp\/v2\/pages\/225","targetHints":{"allow":["GET"]}}],"collection":[{"href":"https:\/\/together-virtuell.de\/tr\/wp-json\/wp\/v2\/pages"}],"about":[{"href":"https:\/\/together-virtuell.de\/tr\/wp-json\/wp\/v2\/types\/page"}],"author":[{"embeddable":true,"href":"https:\/\/together-virtuell.de\/tr\/wp-json\/wp\/v2\/users\/8"}],"replies":[{"embeddable":true,"href":"https:\/\/together-virtuell.de\/tr\/wp-json\/wp\/v2\/comments?post=225"}],"version-history":[{"count":12,"href":"https:\/\/together-virtuell.de\/tr\/wp-json\/wp\/v2\/pages\/225\/revisions"}],"predecessor-version":[{"id":4906,"href":"https:\/\/together-virtuell.de\/tr\/wp-json\/wp\/v2\/pages\/225\/revisions\/4906"}],"up":[{"embeddable":true,"href":"https:\/\/together-virtuell.de\/tr\/wp-json\/wp\/v2\/pages\/221"}],"wp:attachment":[{"href":"https:\/\/together-virtuell.de\/tr\/wp-json\/wp\/v2\/media?parent=225"}],"curies":[{"name":"wp","href":"https:\/\/api.w.org\/{rel}","templated":true}]}}