{"id":391,"date":"2020-12-15T15:38:09","date_gmt":"2020-12-15T14:38:09","guid":{"rendered":"https:\/\/together.dergoldbroiler.com\/?page_id=391"},"modified":"2025-12-14T19:06:04","modified_gmt":"2025-12-14T18:06:04","slug":"junge-trans-und-inter","status":"publish","type":"page","link":"https:\/\/together-virtuell.de\/tr\/beratung\/junge-trans-und-inter\/","title":{"rendered":"Gen\u00e7 Trans*, Inter* &#038; \u0130kili Olmayan*"},"content":{"rendered":"<p>Kendinizi g\u00f6sterebilmenin ve kendinizi g\u00f6rd\u00fc\u011f\u00fcn\u00fcz gibi alg\u0131lanman\u0131n ta\u015fan sevinci, bazen i\u015fe yaramad\u0131\u011f\u0131nda genellikle h\u00fcsran ve umutsuzlukla birlikte gelir. A\u015f\u0131k olmak her zaman mutluluk duygusu anlam\u0131na gelmez, ayn\u0131 zamanda trans* veya inter* olarak kabul edilip edilmeyece\u011finiz veya di\u011fer ki\u015finin ald\u0131rmayaca\u011f\u0131 konusunda endi\u015felenmek demektir. \u0130kili olmayan ve inter* insanlar i\u00e7in, rol modellerin eksikli\u011fi nedeniyle do\u011fru hissettiren bir cinsiyet rol\u00fc aray\u0131\u015f\u0131, tek ba\u015f\u0131na \u00fcstesinden gelinemeyecek bir zorluk oldu\u011fu kadar heyecan verici yeni bir alan olabilir. Feminen trans* ve inter*, defalarca feti\u015fle\u015ftirmenin, sald\u0131rgan marjinalle\u015ftirmenin ve \u015fiddetin kurbanlar\u0131d\u0131r.<\/p>\n<p>Bu zorluklar\u0131 biliyorsunuz, bir sorun hakk\u0131nda konu\u015fmak, bir soru sormak veya \u015f\u00fcphelerinizi dile getirmek istiyorsunuz ama orada sizi anlayacak kimse yok mu? Belki de alay alay konusu olmaktan ya da ciddiye al\u0131nmamaktan korkuyorsun? T\u00fcm bu konulara ve ayr\u0131ca Coming Out, A\u015fk, Seks ve Partnerlik konusunda yard\u0131mla ilgili sorular i\u00e7in hali haz\u0131rday\u0131z ayr\u0131ca \u015fahsen bir toplant\u0131da veya kararla\u015ft\u0131r\u0131lan bir Dan\u0131\u015fma randevusunda, Telefonla, birerbir g\u00f6r\u00fcnt\u00fcl\u00fc sohbette veya sanal bir Dan\u0131\u015fmanl\u0131k merkezimiz arac\u0131l\u0131\u011f\u0131yla da ilgili sorunlar\u0131n\u0131za veya sorular\u0131n\u0131za cevap buluyoruz.<\/p>\n","protected":false},"excerpt":{"rendered":"<p>Kendinizi g\u00f6sterebilmenin ve kendinizi g\u00f6rd\u00fc\u011f\u00fcn\u00fcz gibi alg\u0131lanman\u0131n ta\u015fan sevinci, bazen i\u015fe yaramad\u0131\u011f\u0131nda genellikle h\u00fcsran ve umutsuzlukla birlikte gelir. A\u015f\u0131k olmak her zaman mutluluk duygusu anlam\u0131na gelmez, ayn\u0131 zamanda trans* veya inter* olarak kabul edilip edilmeyece\u011finiz veya di\u011fer ki\u015finin ald\u0131rmayaca\u011f\u0131 konusunda endi\u015felenmek demektir. \u0130kili olmayan ve inter* insanlar i\u00e7in, rol modellerin eksikli\u011fi nedeniyle do\u011fru hissettiren bir [&hellip;]<\/p>\n","protected":false},"author":8,"featured_media":1222,"parent":121,"menu_order":0,"comment_status":"closed","ping_status":"closed","template":"page-beratung.php","meta":{"_acf_changed":false,"footnotes":""},"class_list":["post-391","page","type-page","status-publish","has-post-thumbnail","hentry"],"acf":[],"_links":{"self":[{"href":"https:\/\/together-virtuell.de\/tr\/wp-json\/wp\/v2\/pages\/391","targetHints":{"allow":["GET"]}}],"collection":[{"href":"https:\/\/together-virtuell.de\/tr\/wp-json\/wp\/v2\/pages"}],"about":[{"href":"https:\/\/together-virtuell.de\/tr\/wp-json\/wp\/v2\/types\/page"}],"author":[{"embeddable":true,"href":"https:\/\/together-virtuell.de\/tr\/wp-json\/wp\/v2\/users\/8"}],"replies":[{"embeddable":true,"href":"https:\/\/together-virtuell.de\/tr\/wp-json\/wp\/v2\/comments?post=391"}],"version-history":[{"count":11,"href":"https:\/\/together-virtuell.de\/tr\/wp-json\/wp\/v2\/pages\/391\/revisions"}],"predecessor-version":[{"id":4671,"href":"https:\/\/together-virtuell.de\/tr\/wp-json\/wp\/v2\/pages\/391\/revisions\/4671"}],"up":[{"embeddable":true,"href":"https:\/\/together-virtuell.de\/tr\/wp-json\/wp\/v2\/pages\/121"}],"wp:featuredmedia":[{"embeddable":true,"href":"https:\/\/together-virtuell.de\/tr\/wp-json\/wp\/v2\/media\/1222"}],"wp:attachment":[{"href":"https:\/\/together-virtuell.de\/tr\/wp-json\/wp\/v2\/media?parent=391"}],"curies":[{"name":"wp","href":"https:\/\/api.w.org\/{rel}","templated":true}]}}