{"id":393,"date":"2020-12-15T15:38:46","date_gmt":"2020-12-15T14:38:46","guid":{"rendered":"https:\/\/together.dergoldbroiler.com\/?page_id=393"},"modified":"2025-01-15T18:16:17","modified_gmt":"2025-01-15T17:16:17","slug":"lsbti-refugees-migrants","status":"publish","type":"page","link":"https:\/\/together-virtuell.de\/tr\/beratung\/lsbti-refugees-migrants\/","title":{"rendered":"LGBTIN* M\u00fclteciler ve G\u00f6\u00e7menler"},"content":{"rendered":"<p>Yeniden a\u015f\u0131k olmak g\u00fczeldir! Ama ya en iyi arkada\u015flar\u0131nsa? Kad\u0131n ya da erkek olarak ya\u015famak istemedi\u011finde kendini mutlu hissetti\u011finde ne olacak? Bu \u00e7ok zor olabilir, \u00f6zellikle de i\u00e7inde ya\u015fad\u0131\u011f\u0131n\u0131z \u00e7evre varl\u0131\u011f\u0131n\u0131z\u0131 anlam\u0131yorsa, reddediyorsa ve hatta sizi tehdit ediyorsa. Yoksa cinsel y\u00f6neliminizi veya ger\u00e7ek cinsiyet kimli\u011finizi ya\u015faman\u0131za izin vermeyen ya\u015fam durumunuz mu? Yoksa dili anlam\u0131yor musunuz? Ba\u011flant\u0131lar m\u0131 ar\u0131yorsunuz ve sizinkine benzer bir durumda ya\u015fayan di\u011fer gen\u00e7leri tan\u0131mak m\u0131 istiyorsunuz?<\/p>\n<p>Bu zorluklar\u0131 biliyorsunuz, bir sorun hakk\u0131nda konu\u015fmak, bir soru sormak veya \u015f\u00fcphelerinizi dile getirmek istiyorsunuz ama orada sizi anlayacak kimse yok mu? Belki de alay alay konusu olmaktan ya da ciddiye al\u0131nmamaktan korkuyorsun? T\u00fcm bu konulara ve ayr\u0131ca Coming Out, A\u015fk, Seks ve Partnerlik konusunda yard\u0131mla ilgili sorular i\u00e7in hali haz\u0131rday\u0131z ayr\u0131ca \u015fahsen bir toplant\u0131da veya kararla\u015ft\u0131r\u0131lan bir dan\u0131\u015fma randevusunda, telefonla, birerbir g\u00f6r\u00fcnt\u00fcl\u00fc sohbette veya sanal bir Dan\u0131\u015fmanl\u0131k merkezimiz arac\u0131l\u0131\u011f\u0131yla da ilgili sorunlar\u0131n\u0131za veya sorular\u0131n\u0131za cevap buluyoruz.<\/p>\n","protected":false},"excerpt":{"rendered":"<p>Yeniden a\u015f\u0131k olmak g\u00fczeldir! Ama ya en iyi arkada\u015flar\u0131nsa? Kad\u0131n ya da erkek olarak ya\u015famak istemedi\u011finde kendini mutlu hissetti\u011finde ne olacak? Bu \u00e7ok zor olabilir, \u00f6zellikle de i\u00e7inde ya\u015fad\u0131\u011f\u0131n\u0131z \u00e7evre varl\u0131\u011f\u0131n\u0131z\u0131 anlam\u0131yorsa, reddediyorsa ve hatta sizi tehdit ediyorsa. Yoksa cinsel y\u00f6neliminizi veya ger\u00e7ek cinsiyet kimli\u011finizi ya\u015faman\u0131za izin vermeyen ya\u015fam durumunuz mu? Yoksa dili anlam\u0131yor musunuz? [&hellip;]<\/p>\n","protected":false},"author":8,"featured_media":0,"parent":121,"menu_order":0,"comment_status":"closed","ping_status":"closed","template":"page-beratung.php","meta":{"_acf_changed":false,"footnotes":""},"class_list":["post-393","page","type-page","status-publish","hentry"],"acf":[],"_links":{"self":[{"href":"https:\/\/together-virtuell.de\/tr\/wp-json\/wp\/v2\/pages\/393","targetHints":{"allow":["GET"]}}],"collection":[{"href":"https:\/\/together-virtuell.de\/tr\/wp-json\/wp\/v2\/pages"}],"about":[{"href":"https:\/\/together-virtuell.de\/tr\/wp-json\/wp\/v2\/types\/page"}],"author":[{"embeddable":true,"href":"https:\/\/together-virtuell.de\/tr\/wp-json\/wp\/v2\/users\/8"}],"replies":[{"embeddable":true,"href":"https:\/\/together-virtuell.de\/tr\/wp-json\/wp\/v2\/comments?post=393"}],"version-history":[{"count":12,"href":"https:\/\/together-virtuell.de\/tr\/wp-json\/wp\/v2\/pages\/393\/revisions"}],"predecessor-version":[{"id":4067,"href":"https:\/\/together-virtuell.de\/tr\/wp-json\/wp\/v2\/pages\/393\/revisions\/4067"}],"up":[{"embeddable":true,"href":"https:\/\/together-virtuell.de\/tr\/wp-json\/wp\/v2\/pages\/121"}],"wp:attachment":[{"href":"https:\/\/together-virtuell.de\/tr\/wp-json\/wp\/v2\/media?parent=393"}],"curies":[{"name":"wp","href":"https:\/\/api.w.org\/{rel}","templated":true}]}}