{"id":503,"date":"2020-12-21T14:38:56","date_gmt":"2020-12-21T13:38:56","guid":{"rendered":"https:\/\/together.dergoldbroiler.com\/?page_id=503"},"modified":"2025-01-21T12:03:22","modified_gmt":"2025-01-21T11:03:22","slug":"unterstuetzerinnen","status":"publish","type":"page","link":"https:\/\/together-virtuell.de\/tr\/together-2\/unterstuetzerinnen\/","title":{"rendered":"Destek\u00e7iler"},"content":{"rendered":"<p>Ba\u015flang\u0131\u00e7ta yaln\u0131zca birka\u00e7 ki\u015fiydik, fakat \u015fimdi destek\u00e7ilerin say\u0131s\u0131 art\u0131yor. Sonu\u00e7 olarak, daha fazla teklif olu\u015fturulabilir. T\u00fcm destek\u00e7ilere, \u00f6zellikle t\u00fcm yard\u0131mc\u0131lara, g\u00f6n\u00fcll\u00fclere, \u00fcyelere ve \u00f6zel ba\u011f\u0131\u015f\u00e7\u0131lara \u00e7ok te\u015fekk\u00fcr ederiz!<\/p>\n<div class=\"container-fluid\"><h3>SVLS e.V. destek\u00e7ileri<\/h3><p> <\/p><\/div><div class=\"container-fluid\"><div class=\"d-flex justify-content-center flex-wrap\"><a target=\"_blank\" class=\"flex-a-elm p-4 shadow shadow-sm\" href=\"https:\/\/come-out.eu\/\"><img decoding=\"async\" src=\"https:\/\/together-virtuell.de\/wp-content\/uploads\/2023\/01\/Logo_Come_Out_Stiftung_CMYK.jpg\" style=\"max-width:200px;height:auto\"><\/a><a target=\"_blank\" class=\"flex-a-elm p-4 shadow shadow-sm\" href=\"https:\/\/broststiftung.ruhr\/\"><img decoding=\"async\" src=\"https:\/\/together-virtuell.de\/wp-content\/uploads\/2023\/01\/BROST_Stiftung_LOGO.jpg\" style=\"max-width:200px;height:auto\"><\/a><a target=\"_blank\" class=\"flex-a-elm p-4 shadow shadow-sm\" href=\"https:\/\/www.aktion-mensch.de\/\"><img decoding=\"async\" src=\"https:\/\/together-virtuell.de\/wp-content\/uploads\/2023\/01\/aktion-mensch.png\" style=\"max-width:200px;height:auto\"><\/a><a target=\"_blank\" class=\"flex-a-elm p-4 shadow shadow-sm\" href=\"http:\/\/www.pjw-nrw.de\"><img decoding=\"async\" src=\"https:\/\/together-virtuell.de\/wp-content\/uploads\/2021\/07\/logo-pjw.png\" style=\"max-width:200px;height:auto\"><\/a><a target=\"_blank\" class=\"flex-a-elm p-4 shadow shadow-sm\" href=\"https:\/\/www.kreis-kleve.de\/\"><img decoding=\"async\" src=\"https:\/\/together-virtuell.de\/wp-content\/uploads\/2021\/07\/logo_kreis-kleve-1-e1627055543107.png\" style=\"max-width:200px;height:auto\"><\/a><a target=\"_blank\" class=\"flex-a-elm p-4 shadow shadow-sm\" href=\"http:\/\/www.hms-stiftung.de\"><img decoding=\"async\" src=\"https:\/\/together-virtuell.de\/wp-content\/uploads\/2021\/07\/logo_hms-e1627055030183.png\" style=\"max-width:200px;height:auto\"><\/a><a target=\"_blank\" class=\"flex-a-elm p-4 shadow shadow-sm\" href=\"http:\/\/www.coming-out-day.de\/\"><img decoding=\"async\" src=\"https:\/\/together-virtuell.de\/wp-content\/uploads\/2021\/06\/logo_cod-300x143-1-e1627054983949.png\" style=\"max-width:200px;height:auto\"><\/a><a target=\"_blank\" class=\"flex-a-elm p-4 shadow shadow-sm\" href=\"https:\/\/www.mkjfgfi.nrw\/ministerium-fuer-kinder-familie-fluechtlinge-und-integration\"><img decoding=\"async\" src=\"https:\/\/together-virtuell.de\/wp-content\/uploads\/2023\/01\/ministerium-nrw_kinder_jugend_familie_gleichstellung_flucht_und_integration.png\" style=\"max-width:200px;height:auto\"><\/a><a target=\"_blank\" class=\"flex-a-elm p-4 shadow shadow-sm\" href=\"https:\/\/www.krefeld.de\/\"><img decoding=\"async\" src=\"https:\/\/together-virtuell.de\/wp-content\/uploads\/2021\/06\/logo-stadt-krefeld-e1627055609131.jpeg\" style=\"max-width:200px;height:auto\"><\/a><a target=\"_blank\" class=\"flex-a-elm p-4 shadow shadow-sm\" href=\"https:\/\/www.essen.de\"><img decoding=\"async\" src=\"https:\/\/together-virtuell.de\/wp-content\/uploads\/2021\/06\/Logo-Marquette-Stadt-Essen-RGB-SCREEN-e1689346883828.jpg\" style=\"max-width:200px;height:auto\"><\/a><a target=\"_blank\" class=\"flex-a-elm p-4 shadow shadow-sm\" href=\"https:\/\/www.muelheim-ruhr.de\/cms\/index.php\"><img decoding=\"async\" src=\"https:\/\/together-virtuell.de\/wp-content\/uploads\/2021\/05\/logo_muelheim-e1627054952828.gif\" style=\"max-width:200px;height:auto\"><\/a><a target=\"_blank\" class=\"flex-a-elm p-4 shadow shadow-sm\" href=\"https:\/\/www.gelsenkirchen.de\/de\/default.aspx\"><img decoding=\"async\" src=\"https:\/\/together-virtuell.de\/wp-content\/uploads\/2021\/05\/logo_gelsenkirchen-e1627055635625.png\" style=\"max-width:200px;height:auto\"><\/a><\/div><\/div><br><hr><br>\n<div class=\"text-left\"><h3>Bir patron olarak, SVLS e.V.'nin gen\u00e7lik \u00e7al\u0131\u015fmas\u0131 a\u015fa\u011f\u0131dakiler taraf\u0131ndan desteklenmektedir:<\/h3><br><br><div class=\"container-fluid\"><div class=\"row\"><div class=\"col-md-4\"><img decoding=\"async\" src=\"https:\/\/together-virtuell.de\/wp-content\/uploads\/2021\/06\/Kai-Gehring-in-Berlin-273-Kopie-scaled-1.jpeg\" class=\"img-fluid\"><\/div><div class=\"col-md-8\"><b><p>KAI GEHRING, MdB<\/p>\n<\/b><br><p>Essen Meclis \u00fcyesi (gen\u00e7) LGBT* I* insanlar\u0131na ba\u011fl\u0131d\u0131r ve bir koruyucu olarak Together gen\u00e7lik projelerini desteklemektedir. Federal Meclis &#8211; Berlin &#8211; \u00e7ok uzak &#8211; zaman yok &#8230; Alman Federal Meclisi \u00fcyesi denilince akl\u0131n\u0131za gelen \u015feyler; ama Kai Gehring o zaman\u0131 buluyor.<\/p>\n<\/div><\/div><div class=\"row\"><div class=\"col-md-12\"><div id=\"readon1\" class=\"readon\"><p>Gen\u00e7 LGBT* I\u200b\u200b*&#8217;nin \u201ckendi\u201d \u015fehrinde ne yapt\u0131\u011f\u0131n\u0131, neye ihtiya\u00e7lar\u0131 oldu\u011funu ve onlar\u0131 neyin harekete ge\u00e7irdi\u011fini bilmek istiyor &#8211; ve sadece ara\u015ft\u0131rmalardan ve anketlerden de\u011fil. Kendine, yani en iyi bilenlere sormay\u0131 tercih ediyor: gen\u00e7 LGBT* I* kendisi.Bunun ne kadar \u00f6nemli oldu\u011funu kendi deneyimlerinden biliyor. Arada bir geliyor ya da sizi Berlin&#8217;e davet ediyor. Do\u011frudan konu\u015fmada sadece bir izlenim b\u0131rakmakla kalmaz, ayn\u0131 zamanda politikac\u0131lar\u0131n ger\u00e7ek insanlar oldu\u011funu ve her \u015feyi her zaman daha iyi bilmediklerini g\u00f6sterir. Ortaya \u00e7\u0131k\u0131\u015f\u0131 hakk\u0131nda, son y\u0131llarda nelerin de\u011fi\u015fti\u011fi, hala nelerin de\u011fi\u015fmesi gerekti\u011fi, siyasetin nas\u0131l i\u015fledi\u011fi ve gelecekte ne i\u00e7in \u00e7al\u0131\u015faca\u011f\u0131 hakk\u0131nda a\u00e7\u0131k, d\u00fcr\u00fcst ve \u00f6zg\u00fcn konu\u015fuyor. Ama, yine de Lang\u0131rt \u00fczerinde biraz pratik yapmas\u0131 gerekiyor.<\/p>\n<\/div><a href=\"#\" data-readon=\"readon1\" class=\"readonbtn\">Weiter lesen<\/a><br><br><\/div><\/div><div class=\"row\"><div class=\"col-md-4\"><img decoding=\"async\" src=\"https:\/\/together-virtuell.de\/wp-content\/uploads\/2021\/05\/voelker.jpg\" class=\"img-fluid\"><\/div><div class=\"col-md-8\"><b><p>KORDULA V\u00d6LKER<\/p>\n<\/b><br><p>Kordula V\u00f6lker bir koruyucu olarak together gen\u00e7lik projelerini destekliyor. Wesel semtinde ya\u015fayan bir kabare sanat\u00e7\u0131s\u0131 ve mezun sosyal hizmet uzman\u0131 ne yapt\u0131\u011f\u0131n\u0131 biliyor: 1981&#8217;de \u00e7\u0131kt\u0131; hemde Televizyonda lezbiyenlerin, geylerin, biseks\u00fcellerin, translar\u0131n* olmad\u0131\u011f\u0131 bir zamanda.<\/p>\n<\/div><\/div><div class=\"row\"><div class=\"col-md-12\"><div id=\"readon2\" class=\"readon\"><p>Katolik Tatil Derne\u011fi&#8217;ndeki i\u015fini kaybetmekten korkmad\u0131. &#8220;Hayata olan a\u015fk\u0131m herhangi bir i\u015ften daha \u00f6nemli&#8221; dedi ve o zamandan beri bu yoldan hi\u00e7 ayr\u0131lmad\u0131, ama hep kendini \u00f6nemli anlamda geli\u015ftirdi. Sosyal Pedagogluktan Radyo Gazetecisi oldu ve S\u00f6z Yazar\u0131 profesyonel bir Kabare sanat\u00e7\u0131s\u0131 oldu. 1994 y\u0131l\u0131nda &#8211; ve televizyonda hala lezbiyen, gey, biseks\u00fcel ve trans* yoktu &#8211; ilk lezbiyen kabare program\u0131 &#8220;Liebe, Lust und Erlebnis&#8221;i sahneye \u00e7\u0131kard\u0131. Bunu yaparken, kamuoyuna \u00e7\u0131kan ilk kabare sanat\u00e7\u0131s\u0131 olarak ortaya \u00e7\u0131kt\u0131 ve \u00fclke \u00e7ap\u0131nda kabare sahnelerine dalmaya cesaret etti.<\/p>\n<p>Zaman de\u011fi\u015fti &#8211; lezbiyenler, geyler, biseks\u00fceller ve trans* art\u0131k televizyonda ama Kordula hala de\u011fil ;). Bunun da bir nedeni var: Kordula V\u00f6lker, lezbiyen ve gey konular\u0131n\u0131 kabare sahnesine ta\u015f\u0131yan tek sanat\u00e7\u0131s\u0131 olmaya devam ediyor. \u0130ster CSD ve LFT, ister Partnerlik ve \u00c7ocuk sahibi olma iste\u011fi, ister Dragqueen ister Queer hareketi olsun &#8211; Kordula, bol mizah ve ironi i\u00e7eren programlar\u0131nda E\u015fcinsel ya\u015famla ilgili s\u00f6zlerini ve yorumlar\u0131n\u0131 esirgemiyor.<\/p>\n<p>Kordula ak\u0131lda kolay kalan, ger\u00e7ek ve d\u00fcr\u00fcstt\u00fcr. A\u00e7\u0131kl\u0131\u011f\u0131 silahs\u0131z ve mizah anlay\u0131\u015f\u0131 rakipsiz. Yarat\u0131c\u0131 fikirlerle doludur, bilmeceler ve bo\u015f c\u00fcmlelerle konu\u015fmaz, do\u011frudan konu\u015fur. D\u00fc\u015f\u00fcnd\u00fc\u011f\u00fcn\u00fc s\u00f6yl\u00fcyor, tuhafl\u0131klar\u0131n\u0131n arkas\u0131nda duruyor ve bazen 3 makinede s\u0131cak \u00e7ama\u015f\u0131rlar\u0131 renkli \u00e7ama\u015f\u0131rlarla kar\u0131\u015ft\u0131r\u0131yor. Ama onlar\u0131 ger\u00e7ekten ay\u0131ran &#8211; ve kalplerinin derinliklerinden gelen &#8211; dizginlenemez meraklar\u0131d\u0131r. Ba\u015fkalar\u0131 ne d\u00fc\u015f\u00fcn\u00fcyor, onlar\u0131 ne y\u00f6nlendiriyor, onlar\u0131 nas\u0131l destekleyebilirim? Soruyor, gen\u00e7 kad\u0131nlar\u0131n bug\u00fcn nas\u0131l oldu\u011funu, nas\u0131l ortaya \u00e7\u0131kt\u0131klar\u0131n\u0131 ve neye ihtiya\u00e7lar\u0131 oldu\u011funu bilmek istiyor. Kordula V\u00f6lker&#8217;in s\u0131ra d\u0131\u015f\u0131 yan\u0131 da bu: Nasihat vermiyor, dinliyor, her zaman destek olan bir arkada\u015f, at \u00e7almak i\u00e7in harika bir su\u00e7 orta\u011f\u0131 ve her hal\u00fckarda b\u00fcy\u00fck bir Hami.<\/p>\n<\/div><a href=\"#\" data-readon=\"readon2\" class=\"readonbtn\">Weiter lesen<\/a><br><br><\/div><\/div><\/div><\/div><\/div><br><hr><br>\n","protected":false},"excerpt":{"rendered":"<p>Ba\u015flang\u0131\u00e7ta yaln\u0131zca birka\u00e7 ki\u015fiydik, fakat \u015fimdi destek\u00e7ilerin say\u0131s\u0131 art\u0131yor. Sonu\u00e7 olarak, daha fazla teklif olu\u015fturulabilir. T\u00fcm destek\u00e7ilere, \u00f6zellikle t\u00fcm yard\u0131mc\u0131lara, g\u00f6n\u00fcll\u00fclere, \u00fcyelere ve \u00f6zel ba\u011f\u0131\u015f\u00e7\u0131lara \u00e7ok te\u015fekk\u00fcr ederiz!<\/p>\n","protected":false},"author":8,"featured_media":469,"parent":7,"menu_order":0,"comment_status":"closed","ping_status":"closed","template":"","meta":{"_acf_changed":false,"footnotes":""},"class_list":["post-503","page","type-page","status-publish","has-post-thumbnail","hentry"],"acf":[],"_links":{"self":[{"href":"https:\/\/together-virtuell.de\/tr\/wp-json\/wp\/v2\/pages\/503","targetHints":{"allow":["GET"]}}],"collection":[{"href":"https:\/\/together-virtuell.de\/tr\/wp-json\/wp\/v2\/pages"}],"about":[{"href":"https:\/\/together-virtuell.de\/tr\/wp-json\/wp\/v2\/types\/page"}],"author":[{"embeddable":true,"href":"https:\/\/together-virtuell.de\/tr\/wp-json\/wp\/v2\/users\/8"}],"replies":[{"embeddable":true,"href":"https:\/\/together-virtuell.de\/tr\/wp-json\/wp\/v2\/comments?post=503"}],"version-history":[{"count":13,"href":"https:\/\/together-virtuell.de\/tr\/wp-json\/wp\/v2\/pages\/503\/revisions"}],"predecessor-version":[{"id":4087,"href":"https:\/\/together-virtuell.de\/tr\/wp-json\/wp\/v2\/pages\/503\/revisions\/4087"}],"up":[{"embeddable":true,"href":"https:\/\/together-virtuell.de\/tr\/wp-json\/wp\/v2\/pages\/7"}],"wp:featuredmedia":[{"embeddable":true,"href":"https:\/\/together-virtuell.de\/tr\/wp-json\/wp\/v2\/media\/469"}],"wp:attachment":[{"href":"https:\/\/together-virtuell.de\/tr\/wp-json\/wp\/v2\/media?parent=503"}],"curies":[{"name":"wp","href":"https:\/\/api.w.org\/{rel}","templated":true}]}}