{"id":610,"date":"2021-04-06T09:48:11","date_gmt":"2021-04-06T07:48:11","guid":{"rendered":"https:\/\/together.dergoldbroiler.com\/?page_id=610"},"modified":"2025-01-15T18:24:24","modified_gmt":"2025-01-15T17:24:24","slug":"videotalk","status":"publish","type":"page","link":"https:\/\/together-virtuell.de\/tr\/service\/videotalk\/","title":{"rendered":"Videotalk"},"content":{"rendered":"<p>Yaln\u0131zca Coronadan dolay\u0131 g\u00f6r\u00fcnt\u00fcl\u00fc konu\u015fma kullanm\u0131yoruz. Oda s\u00fcrekli a\u00e7\u0131k de\u011fildir, ancak a\u00e7\u0131l\u0131\u015f g\u00fcnlerinde d\u00fczenli olarak buraya ba\u011flanabilir veya dijital olarak etkinliklere kat\u0131labilirsin. Daha uzun bir yolculu\u011fun kat\u0131l\u0131m\u0131n\u0131z\u0131 engellememesi i\u00e7in d\u00fczenli olarak hibrit ekip ve planlama toplant\u0131lar\u0131 d\u00fczenliyoruz. Duyurular\u0131 Haberler alt\u0131nda, Facebook veya Instagram&#8217;da bulabilirsin. Burada randevu ile 1: 1 dan\u0131\u015fma da m\u00fcmk\u00fcnd\u00fcr.<\/p>\n<p>together VIDEOTALK, ge\u00e7erli veri koruma d\u00fczenlemelerine dayanmaktad\u0131r. L\u00fctfen yine de, orada bulunan herkese ne g\u00f6sterdi\u011finize veya ne s\u00f6yledi\u011finize dikkat edin.<\/p>\n<p>Ba\u011flant\u0131 kalitesi (sizin ba\u015fkalar\u0131n\u0131 ne kadar net g\u00f6rd\u00fc\u011f\u00fcn\u00fcz ve bizim sizi ne kadar net g\u00f6rd\u00fc\u011f\u00fcm\u00fcz) maalesef internet ba\u011flant\u0131n\u0131z ve i\u015fbirli\u011finizden (\u00f6rn. mikro &#8211; arka plan g\u00fcr\u00fclt\u00fcs\u00fc nedeniyle &#8211; konu\u015fmad\u0131\u011f\u0131n\u0131z zamanlarda da) kaynaklanmaktad\u0131r. L\u00fctfen ak\u0131ll\u0131 telefonunuzla ba\u011fland\u0131\u011f\u0131n\u0131z da inernet kullan\u0131m kota\u2019n\u0131za dikkat edin. \u00d6zellikle bu internet taray\u0131c\u0131larla iyi \u00e7al\u0131\u015f\u0131r: Firefox, Chromium, Opera, Microsoft Edge (s\u00fcr\u00fcm 01\/15\/20) ve Google Chrome.<\/p>\n<p>&nbsp;<\/p>\n<p><a class=\"btn_mailadress\" href=\"https:\/\/lsbti.collocall.de\/b\/svl-ohd-wjq-oic\" target=\"_blank\" rel=\"noopener\">Videotalk<\/a><\/p>\n","protected":false},"excerpt":{"rendered":"<p>Yaln\u0131zca Coronadan dolay\u0131 g\u00f6r\u00fcnt\u00fcl\u00fc konu\u015fma kullanm\u0131yoruz. Oda s\u00fcrekli a\u00e7\u0131k de\u011fildir, ancak a\u00e7\u0131l\u0131\u015f g\u00fcnlerinde d\u00fczenli olarak buraya ba\u011flanabilir veya dijital olarak etkinliklere kat\u0131labilirsin. Daha uzun bir yolculu\u011fun kat\u0131l\u0131m\u0131n\u0131z\u0131 engellememesi i\u00e7in d\u00fczenli olarak hibrit ekip ve planlama toplant\u0131lar\u0131 d\u00fczenliyoruz. Duyurular\u0131 Haberler alt\u0131nda, Facebook veya Instagram&#8217;da bulabilirsin. Burada randevu ile 1: 1 dan\u0131\u015fma da m\u00fcmk\u00fcnd\u00fcr. together VIDEOTALK, ge\u00e7erli [&hellip;]<\/p>\n","protected":false},"author":8,"featured_media":0,"parent":123,"menu_order":0,"comment_status":"closed","ping_status":"closed","template":"","meta":{"_acf_changed":false,"footnotes":""},"class_list":["post-610","page","type-page","status-publish","hentry"],"acf":[],"_links":{"self":[{"href":"https:\/\/together-virtuell.de\/tr\/wp-json\/wp\/v2\/pages\/610","targetHints":{"allow":["GET"]}}],"collection":[{"href":"https:\/\/together-virtuell.de\/tr\/wp-json\/wp\/v2\/pages"}],"about":[{"href":"https:\/\/together-virtuell.de\/tr\/wp-json\/wp\/v2\/types\/page"}],"author":[{"embeddable":true,"href":"https:\/\/together-virtuell.de\/tr\/wp-json\/wp\/v2\/users\/8"}],"replies":[{"embeddable":true,"href":"https:\/\/together-virtuell.de\/tr\/wp-json\/wp\/v2\/comments?post=610"}],"version-history":[{"count":12,"href":"https:\/\/together-virtuell.de\/tr\/wp-json\/wp\/v2\/pages\/610\/revisions"}],"predecessor-version":[{"id":3014,"href":"https:\/\/together-virtuell.de\/tr\/wp-json\/wp\/v2\/pages\/610\/revisions\/3014"}],"up":[{"embeddable":true,"href":"https:\/\/together-virtuell.de\/tr\/wp-json\/wp\/v2\/pages\/123"}],"wp:attachment":[{"href":"https:\/\/together-virtuell.de\/tr\/wp-json\/wp\/v2\/media?parent=610"}],"curies":[{"name":"wp","href":"https:\/\/api.w.org\/{rel}","templated":true}]}}